{"id":3761,"date":"2025-11-26T17:32:49","date_gmt":"2025-11-26T17:32:49","guid":{"rendered":"https:\/\/vyfrepuestos.cl\/multimarca\/?page_id=3761"},"modified":"2025-11-26T17:49:31","modified_gmt":"2025-11-26T17:49:31","slug":"nosotros","status":"publish","type":"page","link":"https:\/\/vyfrepuestos.cl\/multimarca\/nosotros\/","title":{"rendered":"Nosotros"},"content":{"rendered":"\t\t<div data-elementor-type=\"wp-page\" data-elementor-id=\"3761\" class=\"elementor elementor-3761\" data-elementor-post-type=\"page\">\n\t\t\t\t<div class=\"elementor-element elementor-element-746bb95 e-flex e-con-boxed wpr-particle-no wpr-jarallax-no wpr-parallax-no wpr-sticky-section-no e-con e-parent\" data-id=\"746bb95\" data-element_type=\"container\" data-settings=\"{&quot;background_background&quot;:&quot;classic&quot;}\">\n\t\t\t\t\t<div class=\"e-con-inner\">\n\t\t\t\t<div class=\"elementor-element elementor-element-1462280 elementor-widget elementor-widget-heading\" data-id=\"1462280\" data-element_type=\"widget\" data-widget_type=\"heading.default\">\n\t\t\t\t\t<h2 class=\"elementor-heading-title elementor-size-default\">Nosotros<\/h2>\t\t\t\t<\/div>\n\t\t\t\t\t<\/div>\n\t\t\t\t<\/div>\n\t\t<div class=\"elementor-element elementor-element-a48ca30 e-flex e-con-boxed wpr-particle-no wpr-jarallax-no wpr-parallax-no wpr-sticky-section-no e-con e-parent\" data-id=\"a48ca30\" data-element_type=\"container\">\n\t\t\t\t\t<div class=\"e-con-inner\">\n\t\t<div class=\"elementor-element elementor-element-e775b15 e-con-full e-flex wpr-particle-no wpr-jarallax-no wpr-parallax-no wpr-sticky-section-no e-con e-child\" data-id=\"e775b15\" data-element_type=\"container\">\n\t\t\t\t<div class=\"elementor-element elementor-element-f831fe6 elementor-widget elementor-widget-text-editor\" data-id=\"f831fe6\" data-element_type=\"widget\" data-widget_type=\"text-editor.default\">\n\t\t\t\t\t\t\t\t\t<h3 class=\"ds-markdown-paragraph\"><strong>Nuestra Historia: Confianza y Esfuerzo Familiar<\/strong><\/h3><h4 class=\"ds-markdown-paragraph\">De la adversidad a ser tu aliado en repuestos<\/h4><p class=\"ds-markdown-paragraph\">En <strong>VYF Repuestos<\/strong>, nuestra historia es la de muchos chilenos. Nacimos en un momento complejo, marcado por la crisis social y la pandemia, donde la reinvenci\u00f3n no fue una opci\u00f3n, sino una necesidad. De haber perdido nuestras fuentes de ingreso, surgi\u00f3 la oportunidad y las ganas de construir algo propio, con esfuerzo y dedicaci\u00f3n.<\/p><p class=\"ds-markdown-paragraph\">Comenzamos enfocados en las emergentes marcas <strong>MAXUS y JMC<\/strong>, viendo una necesidad no cubierta en el mercado. R\u00e1pidamente, gracias a la confianza de nuestros primeros clientes, pudimos ampliar nuestro portafolio para convertirnos en lo que somos hoy: tu proveedor de confianza de <strong>repuestos multimarca<\/strong> para las principales marcas que circulan en Chile.<\/p>\t\t\t\t\t\t\t\t<\/div>\n\t\t\t\t<\/div>\n\t\t<div class=\"elementor-element elementor-element-71e7255 e-con-full e-flex wpr-particle-no wpr-jarallax-no wpr-parallax-no wpr-sticky-section-no e-con e-child\" data-id=\"71e7255\" data-element_type=\"container\">\n\t\t\t\t<div class=\"elementor-element elementor-element-d42933c elementor-widget elementor-widget-text-editor\" data-id=\"d42933c\" data-element_type=\"widget\" data-widget_type=\"text-editor.default\">\n\t\t\t\t\t\t\t\t\t<p class=\"ds-markdown-paragraph\"><strong>M\u00e1s que una Tienda, una Familia<\/strong><br \/>Somos un <strong>negocio familiar<\/strong>. Eso significa que cuando nos contactas, hablas directamente con quienes fundamos y gestionamos este proyecto. Para nosotros, no existen \u00abclientes\u00bb, existen <strong>\u00abamigos-clientes\u00bb<\/strong>. Esta cercan\u00eda nos permite entender de verdad tus necesidades y buscar la mejor soluci\u00f3n para ti, con la honestidad y compromiso que solo una empresa familiar puede ofrecer.<\/p><p class=\"ds-markdown-paragraph\"><strong>Nuestra Promesa<\/strong><br \/>Trabajamos cada d\u00eda para ofrecerte repuestos confiables, un proceso de compra sencillo y un despacho a todo Chile que cumpla. Tu veh\u00edculo es esencial, y nosotros te ayudamos a mantenerlo en marcha.<\/p>\t\t\t\t\t\t\t\t<\/div>\n\t\t\t\t<\/div>\n\t\t\t\t\t<\/div>\n\t\t\t\t<\/div>\n\t\t<div class=\"elementor-element elementor-element-02c1a58 e-con-full e-flex wpr-particle-no wpr-jarallax-no wpr-parallax-no wpr-sticky-section-no e-con e-parent\" data-id=\"02c1a58\" data-element_type=\"container\">\n\t\t\t\t<div class=\"elementor-element elementor-element-59fa83d elementor-widget elementor-widget-image\" data-id=\"59fa83d\" data-element_type=\"widget\" data-widget_type=\"image.default\">\n\t\t\t\t\t\t\t\t\t\t\t\t\t\t\t<img fetchpriority=\"high\" decoding=\"async\" width=\"2400\" height=\"1340\" src=\"https:\/\/vyfrepuestos.cl\/multimarca\/wp-content\/uploads\/2025\/11\/carrito.jpg\" class=\"attachment-full size-full wp-image-3771\" alt=\"\" srcset=\"https:\/\/vyfrepuestos.cl\/multimarca\/wp-content\/uploads\/2025\/11\/carrito.jpg 2400w, https:\/\/vyfrepuestos.cl\/multimarca\/wp-content\/uploads\/2025\/11\/carrito-300x168.jpg 300w, https:\/\/vyfrepuestos.cl\/multimarca\/wp-content\/uploads\/2025\/11\/carrito-1024x572.jpg 1024w, https:\/\/vyfrepuestos.cl\/multimarca\/wp-content\/uploads\/2025\/11\/carrito-768x429.jpg 768w, https:\/\/vyfrepuestos.cl\/multimarca\/wp-content\/uploads\/2025\/11\/carrito-1536x858.jpg 1536w, https:\/\/vyfrepuestos.cl\/multimarca\/wp-content\/uploads\/2025\/11\/carrito-2048x1143.jpg 2048w, https:\/\/vyfrepuestos.cl\/multimarca\/wp-content\/uploads\/2025\/11\/carrito-600x335.jpg 600w\" sizes=\"(max-width: 2400px) 100vw, 2400px\" \/>\t\t\t\t\t\t\t\t\t\t\t\t\t\t\t<\/div>\n\t\t\t\t<\/div>\n\t\t\t\t<\/div>\n\t\t","protected":false},"excerpt":{"rendered":"<p>Nuestra Historia: Confianza y Esfuerzo Familiar De la adversidad a ser tu aliado en repuestos En VYF Repuestos, nuestra historia es la de muchos chilenos. Nacimos en un momento complejo, marcado por la crisis social y la pandemia, donde la reinvenci\u00f3n no fue una opci\u00f3n, sino una necesidad. De haber perdido nuestras fuentes de ingreso, surgi\u00f3 la oportunidad y las ganas de construir algo propio, con esfuerzo y dedicaci\u00f3n. Comenzamos enfocados en las emergentes marcas MAXUS y JMC, viendo una necesidad no cubierta en el mercado. R\u00e1pidamente, gracias a la confianza de nuestros primeros clientes, pudimos ampliar nuestro portafolio para convertirnos en lo que somos hoy: tu proveedor de confianza de repuestos multimarca para las principales marcas que circulan en Chile. M\u00e1s que una Tienda, una FamiliaSomos un negocio familiar. Eso significa que cuando nos contactas, hablas directamente con quienes fundamos y gestionamos este proyecto. Para nosotros, no existen \u00abclientes\u00bb, existen \u00abamigos-clientes\u00bb. Esta cercan\u00eda nos permite entender de verdad tus necesidades y buscar la mejor soluci\u00f3n para ti, con la honestidad y compromiso que solo una empresa familiar puede ofrecer. Nuestra PromesaTrabajamos cada d\u00eda para ofrecerte repuestos confiables, un proceso de compra sencillo y un despacho a todo Chile que cumpla. Tu veh\u00edculo es esencial, y nosotros te ayudamos a mantenerlo en marcha.<\/p>\n","protected":false},"author":1,"featured_media":0,"parent":0,"menu_order":0,"comment_status":"closed","ping_status":"closed","template":"","meta":{"_joinchat":[],"footnotes":""},"class_list":["post-3761","page","type-page","status-publish","hentry"],"_links":{"self":[{"href":"https:\/\/vyfrepuestos.cl\/multimarca\/wp-json\/wp\/v2\/pages\/3761","targetHints":{"allow":["GET"]}}],"collection":[{"href":"https:\/\/vyfrepuestos.cl\/multimarca\/wp-json\/wp\/v2\/pages"}],"about":[{"href":"https:\/\/vyfrepuestos.cl\/multimarca\/wp-json\/wp\/v2\/types\/page"}],"author":[{"embeddable":true,"href":"https:\/\/vyfrepuestos.cl\/multimarca\/wp-json\/wp\/v2\/users\/1"}],"replies":[{"embeddable":true,"href":"https:\/\/vyfrepuestos.cl\/multimarca\/wp-json\/wp\/v2\/comments?post=3761"}],"version-history":[{"count":7,"href":"https:\/\/vyfrepuestos.cl\/multimarca\/wp-json\/wp\/v2\/pages\/3761\/revisions"}],"predecessor-version":[{"id":3774,"href":"https:\/\/vyfrepuestos.cl\/multimarca\/wp-json\/wp\/v2\/pages\/3761\/revisions\/3774"}],"wp:attachment":[{"href":"https:\/\/vyfrepuestos.cl\/multimarca\/wp-json\/wp\/v2\/media?parent=3761"}],"curies":[{"name":"wp","href":"https:\/\/api.w.org\/{rel}","templated":true}]}}